{"id":447,"date":"2020-09-11T12:35:10","date_gmt":"2020-09-11T14:35:10","guid":{"rendered":"https:\/\/lochting.dev003.baldwin.be\/about\/"},"modified":"2023-08-04T11:58:32","modified_gmt":"2023-08-04T11:58:32","slug":"over","status":"publish","type":"page","link":"https:\/\/wp-dev.lochting.com\/nl\/over\/","title":{"rendered":"Euh, Lochting?"},"content":{"rendered":"\n<div class=\"page-header\">\n<p class=\"intro\" style=\"text-align: center;\">In het Oud-Vlaams is een lochting een tuin. Het woord duikt voor het eerst rond 1200 n.C. op in geschreven documenten. Het is een plek waar je je op je gemak voelt, waar je mooie dingen kunt kweken zonder dat je ergens anders heen hoeft. Net zoals het platform. Lochting is ontworpen om je apotheek te laten groeien, zodat je al je commerci\u00eble inspanningen kunt beheren op \u00e9\u00e9n plek.<\/p>\n\n<\/div>\n&nbsp;\n\n\n<div class=\"wp-block-image\"><figure class=\"aligncenter\"><img decoding=\"async\" width=\"1000\" height=\"530\" src=\"https:\/\/wp-dev.lochting.com\/app\/uploads\/2021\/07\/Lochting.png\" alt=\"Lochting\" class=\"wp-image-1986\" title=\"Lochting\" srcset=\"https:\/\/wp-dev.lochting.com\/app\/uploads\/2021\/07\/Lochting.png 1000w, https:\/\/wp-dev.lochting.com\/app\/uploads\/2021\/07\/Lochting-250x133.png 250w, https:\/\/wp-dev.lochting.com\/app\/uploads\/2021\/07\/Lochting-768x407.png 768w, https:\/\/wp-dev.lochting.com\/app\/uploads\/2021\/07\/Lochting-90x48.png 90w, https:\/\/wp-dev.lochting.com\/app\/uploads\/2021\/07\/Lochting-105x56.png 105w, https:\/\/wp-dev.lochting.com\/app\/uploads\/2021\/07\/Lochting-500x265.png 500w\" sizes=\"(max-width: 576px) 100vw, (max-width: 768px) 50vw, (max-width: 992px) 40vw, (max-width: 1200px) 60vw, (max-width: 1400px) 80vw, 1700px\" \/><\/figure><\/div>\n\n\n<p>&nbsp;<p><strong>lochting<\/strong>* [tuin, hof] {<em>lochtinc, lochten(e), lochteuine<\/em> [open plaats of tuin bij een huis] 1272} van <em>look<\/em><em>1<\/em> [een plant] + <em>tuin<\/em>, vgl. oudengels <em>l\u0113ac-t\u016bn<\/em> [groentetuin] (vgl. <em>loggia, loge, lobby<\/em>).<\/p><\/p>\n\n\n\n<p><strong>lochtink<\/strong> zn. m.: moestuin, achtertuin, tuin. Vooral Vlaams. Mnl. <em>lochtinc<\/em>, <em>lochtuun<\/em> \u2018moestuin\u2019, 1396 <em>lochtinc<\/em>, Oudenaarde (Hoebeke 1968), Vnnl. 1562 <em>lochtinc<\/em> \u2018iardin\u2019 (Lambrecht), <em>lochtinck<\/em> \u2018tuin\u2019 (Kiliaan). Uit <em>lochtuun &lt; looctuun<\/em> \u2018groentetuin\u2019. Vgl. Oe. <em>l\u00eaact\u00fbn<\/em> \u2018groentetuin\u2019, ouder E. <em>leighten<\/em> \u2018tuin\u2019. Hoebeke 1968, 410-414 zag voorlopig ook geen betere verklaring dan die van C. Vereecken, maar heeft toch bezwaren op grond van de oude Oudenaardse vormen: -1272 <em>lochtwijn<\/em>, 1285 <em>ieghen den lochtwijn<\/em>, 1288 <em>van .j. lochteuine<\/em>, 13de e. <em>lochtewin<\/em>, <em>\u00b1<\/em> 1300 <em>achter lays lochtuin<\/em>, 1320 <em>den lochtwine<\/em>, 1355 <em>van den lochtin<\/em>, 1369 <em>bruuns lochtwin.<\/em> &#8211; Bibl.: C. Tavernier-Vereecken, <em>De etymologie van lochting. Med. Ver. Naamk.<\/em> 28 (1952), 81-84.<\/p>\n\n\n\n<p><strong>Meditech<\/strong>, marktleider in de automatisatie van apotheken, en <strong>Baldwin<\/strong>, pionier in oplossingen voor unified commerce, bundelen hun krachten in \u00e9\u00e9n tool, <strong>Lochting<\/strong>.<\/p>\n","protected":false},"excerpt":{"rendered":"<p>In het Oud-Vlaams is een lochting een tuin. Het woord duikt voor het eerst rond 1200 n.C. op in geschreven documenten. Het is een plek waar je je op je gemak voelt, waar je mooie dingen kunt kweken zonder dat<\/p>\n","protected":false},"author":1,"featured_media":0,"parent":0,"menu_order":0,"comment_status":"closed","ping_status":"closed","template":"views\/template-no-contact-block.blade.php","meta":{"_acf_changed":false,"footnotes":""},"class_list":["post-447","page","type-page","status-publish","hentry"],"acf":[],"yoast_head":"<!-- This site is optimized with the Yoast SEO plugin v22.9 - https:\/\/yoast.com\/wordpress\/plugins\/seo\/ -->\n<title>Over de Unified Commerce Garden | Lochting<\/title>\n<meta name=\"description\" content=\"Lochting, de Unified Commerce oplossing, beheert alle verkoopkanalen via 1 platform: webshop, automaat, digitale schermen en productdatabase.\" \/>\n<meta name=\"robots\" content=\"noindex, follow, max-snippet:-1, max-image-preview:large, max-video-preview:-1\" \/>\n<meta property=\"og:locale\" content=\"nl_BE\" \/>\n<meta property=\"og:type\" content=\"article\" \/>\n<meta property=\"og:title\" content=\"Over de Unified Commerce Garden | Lochting\" \/>\n<meta property=\"og:description\" content=\"Lochting, de Unified Commerce oplossing, beheert alle verkoopkanalen via 1 platform: webshop, automaat, digitale schermen en productdatabase.\" \/>\n<meta property=\"og:url\" content=\"https:\/\/wp-dev.lochting.com\/nl\/over\/\" \/>\n<meta property=\"og:site_name\" content=\"Lochting\" \/>\n<meta property=\"article:modified_time\" content=\"2023-08-04T11:58:32+00:00\" \/>\n<meta property=\"og:image\" content=\"https:\/\/wp-dev.lochting.com\/app\/uploads\/2021\/07\/Lochting.png\" \/>\n<meta name=\"twitter:card\" content=\"summary_large_image\" \/>\n<meta name=\"twitter:label1\" content=\"Est. reading time\" \/>\n\t<meta name=\"twitter:data1\" content=\"2 minutes\" \/>\n<script type=\"application\/ld+json\" class=\"yoast-schema-graph\">{\"@context\":\"https:\/\/schema.org\",\"@graph\":[{\"@type\":\"WebPage\",\"@id\":\"https:\/\/wp-dev.lochting.com\/nl\/over\/\",\"url\":\"https:\/\/wp-dev.lochting.com\/nl\/over\/\",\"name\":\"Over de Unified Commerce Garden | Lochting\",\"isPartOf\":{\"@id\":\"https:\/\/www.lochting.com\/en\/#website\"},\"primaryImageOfPage\":{\"@id\":\"https:\/\/wp-dev.lochting.com\/nl\/over\/#primaryimage\"},\"image\":{\"@id\":\"https:\/\/wp-dev.lochting.com\/nl\/over\/#primaryimage\"},\"thumbnailUrl\":\"https:\/\/wp-dev.lochting.com\/app\/uploads\/2021\/07\/Lochting.png\",\"datePublished\":\"2020-09-11T14:35:10+00:00\",\"dateModified\":\"2023-08-04T11:58:32+00:00\",\"description\":\"Lochting, de Unified Commerce oplossing, beheert alle verkoopkanalen via 1 platform: webshop, automaat, digitale schermen en productdatabase.\",\"breadcrumb\":{\"@id\":\"https:\/\/wp-dev.lochting.com\/nl\/over\/#breadcrumb\"},\"inLanguage\":\"nl-BE\",\"potentialAction\":[{\"@type\":\"ReadAction\",\"target\":[\"https:\/\/wp-dev.lochting.com\/nl\/over\/\"]}]},{\"@type\":\"ImageObject\",\"inLanguage\":\"nl-BE\",\"@id\":\"https:\/\/wp-dev.lochting.com\/nl\/over\/#primaryimage\",\"url\":\"https:\/\/wp-dev.lochting.com\/app\/uploads\/2021\/07\/Lochting.png\",\"contentUrl\":\"https:\/\/wp-dev.lochting.com\/app\/uploads\/2021\/07\/Lochting.png\"},{\"@type\":\"BreadcrumbList\",\"@id\":\"https:\/\/wp-dev.lochting.com\/nl\/over\/#breadcrumb\",\"itemListElement\":[{\"@type\":\"ListItem\",\"position\":1,\"name\":\"Home\",\"item\":\"https:\/\/www.lochting.com\/nl\/\"},{\"@type\":\"ListItem\",\"position\":2,\"name\":\"Euh, Lochting?\"}]},{\"@type\":\"WebSite\",\"@id\":\"https:\/\/www.lochting.com\/en\/#website\",\"url\":\"https:\/\/www.lochting.com\/en\/\",\"name\":\"Lochting\",\"description\":\"All your pharmacy sales channels on one platform\",\"potentialAction\":[{\"@type\":\"SearchAction\",\"target\":{\"@type\":\"EntryPoint\",\"urlTemplate\":\"https:\/\/www.lochting.com\/en\/?s={search_term_string}\"},\"query-input\":\"required name=search_term_string\"}],\"inLanguage\":\"nl-BE\"}]}<\/script>\n<!-- \/ Yoast SEO plugin. -->","yoast_head_json":{"title":"Over de Unified Commerce Garden | Lochting","description":"Lochting, de Unified Commerce oplossing, beheert alle verkoopkanalen via 1 platform: webshop, automaat, digitale schermen en productdatabase.","robots":{"index":"noindex","follow":"follow","max-snippet":"max-snippet:-1","max-image-preview":"max-image-preview:large","max-video-preview":"max-video-preview:-1"},"og_locale":"nl_BE","og_type":"article","og_title":"Over de Unified Commerce Garden | Lochting","og_description":"Lochting, de Unified Commerce oplossing, beheert alle verkoopkanalen via 1 platform: webshop, automaat, digitale schermen en productdatabase.","og_url":"https:\/\/wp-dev.lochting.com\/nl\/over\/","og_site_name":"Lochting","article_modified_time":"2023-08-04T11:58:32+00:00","og_image":[{"url":"https:\/\/wp-dev.lochting.com\/app\/uploads\/2021\/07\/Lochting.png"}],"twitter_card":"summary_large_image","twitter_misc":{"Est. reading time":"2 minutes"},"schema":{"@context":"https:\/\/schema.org","@graph":[{"@type":"WebPage","@id":"https:\/\/wp-dev.lochting.com\/nl\/over\/","url":"https:\/\/wp-dev.lochting.com\/nl\/over\/","name":"Over de Unified Commerce Garden | Lochting","isPartOf":{"@id":"https:\/\/www.lochting.com\/en\/#website"},"primaryImageOfPage":{"@id":"https:\/\/wp-dev.lochting.com\/nl\/over\/#primaryimage"},"image":{"@id":"https:\/\/wp-dev.lochting.com\/nl\/over\/#primaryimage"},"thumbnailUrl":"https:\/\/wp-dev.lochting.com\/app\/uploads\/2021\/07\/Lochting.png","datePublished":"2020-09-11T14:35:10+00:00","dateModified":"2023-08-04T11:58:32+00:00","description":"Lochting, de Unified Commerce oplossing, beheert alle verkoopkanalen via 1 platform: webshop, automaat, digitale schermen en productdatabase.","breadcrumb":{"@id":"https:\/\/wp-dev.lochting.com\/nl\/over\/#breadcrumb"},"inLanguage":"nl-BE","potentialAction":[{"@type":"ReadAction","target":["https:\/\/wp-dev.lochting.com\/nl\/over\/"]}]},{"@type":"ImageObject","inLanguage":"nl-BE","@id":"https:\/\/wp-dev.lochting.com\/nl\/over\/#primaryimage","url":"https:\/\/wp-dev.lochting.com\/app\/uploads\/2021\/07\/Lochting.png","contentUrl":"https:\/\/wp-dev.lochting.com\/app\/uploads\/2021\/07\/Lochting.png"},{"@type":"BreadcrumbList","@id":"https:\/\/wp-dev.lochting.com\/nl\/over\/#breadcrumb","itemListElement":[{"@type":"ListItem","position":1,"name":"Home","item":"https:\/\/www.lochting.com\/nl\/"},{"@type":"ListItem","position":2,"name":"Euh, Lochting?"}]},{"@type":"WebSite","@id":"https:\/\/www.lochting.com\/en\/#website","url":"https:\/\/www.lochting.com\/en\/","name":"Lochting","description":"All your pharmacy sales channels on one platform","potentialAction":[{"@type":"SearchAction","target":{"@type":"EntryPoint","urlTemplate":"https:\/\/www.lochting.com\/en\/?s={search_term_string}"},"query-input":"required name=search_term_string"}],"inLanguage":"nl-BE"}]}},"_links":{"self":[{"href":"https:\/\/wp-dev.lochting.com\/nl\/wp-json\/wp\/v2\/pages\/447","targetHints":{"allow":["GET"]}}],"collection":[{"href":"https:\/\/wp-dev.lochting.com\/nl\/wp-json\/wp\/v2\/pages"}],"about":[{"href":"https:\/\/wp-dev.lochting.com\/nl\/wp-json\/wp\/v2\/types\/page"}],"author":[{"embeddable":true,"href":"https:\/\/wp-dev.lochting.com\/nl\/wp-json\/wp\/v2\/users\/1"}],"replies":[{"embeddable":true,"href":"https:\/\/wp-dev.lochting.com\/nl\/wp-json\/wp\/v2\/comments?post=447"}],"version-history":[{"count":15,"href":"https:\/\/wp-dev.lochting.com\/nl\/wp-json\/wp\/v2\/pages\/447\/revisions"}],"predecessor-version":[{"id":15853,"href":"https:\/\/wp-dev.lochting.com\/nl\/wp-json\/wp\/v2\/pages\/447\/revisions\/15853"}],"wp:attachment":[{"href":"https:\/\/wp-dev.lochting.com\/nl\/wp-json\/wp\/v2\/media?parent=447"}],"curies":[{"name":"wp","href":"https:\/\/api.w.org\/{rel}","templated":true}]}}