{"id":13373,"date":"2022-10-20T11:45:33","date_gmt":"2022-10-20T11:45:33","guid":{"rendered":"https:\/\/www.lochting.com\/?page_id=13373"},"modified":"2023-08-02T12:28:05","modified_gmt":"2023-08-02T12:28:05","slug":"workshops","status":"publish","type":"page","link":"https:\/\/wp-dev.lochting.com\/nl\/workshops\/","title":{"rendered":"Workshops"},"content":{"rendered":"<h2><img decoding=\"async\" class=\" wp-image-13387 alignleft\" title=\"Marketing-workshops-apothekers\" src=\"https:\/\/wp-dev.lochting.com\/app\/uploads\/2022\/10\/Marketing-workshops-apothekers.jpg\" alt=\"Marketing workshops voor apothekers\" width=\"488\" height=\"484\" srcset=\"https:\/\/wp-dev.lochting.com\/app\/uploads\/2022\/10\/Marketing-workshops-apothekers.jpg 511w, https:\/\/wp-dev.lochting.com\/app\/uploads\/2022\/10\/Marketing-workshops-apothekers-250x248.jpg 250w, https:\/\/wp-dev.lochting.com\/app\/uploads\/2022\/10\/Marketing-workshops-apothekers-150x150.jpg 150w, https:\/\/wp-dev.lochting.com\/app\/uploads\/2022\/10\/Marketing-workshops-apothekers-82x81.jpg 82w, https:\/\/wp-dev.lochting.com\/app\/uploads\/2022\/10\/Marketing-workshops-apothekers-96x95.jpg 96w, https:\/\/wp-dev.lochting.com\/app\/uploads\/2022\/10\/Marketing-workshops-apothekers-302x300.jpg 302w\" sizes=\"(max-width: 576px) 100vw, (max-width: 768px) 50vw, (max-width: 992px) 40vw, (max-width: 1200px) 60vw, (max-width: 1400px) 80vw, 1700px\" \/>Haal het maximum uit je digitale apotheek<\/h2>\n<h3>Volg de marketing workshop<\/h3>\n<p>We zullen er geen doekjes om winden. Om mee te gaan in de&nbsp;<b data-stringify-type=\"bold\">digitalisering<\/strong>&nbsp;zal je ook inspanningen moeten leveren. We begrijpen dat&nbsp;<b data-stringify-type=\"bold\">marketing<\/strong>&nbsp;niet je kerntaak is en&nbsp;<b data-stringify-type=\"bold\">willen je graag een handje helpen.<\/strong><\/p>\n<p>Volg \u00e9\u00e9n van onze workshops vanaf medio november. In <strong>e\u00e9n op e\u00e9n sessies<\/strong> willen we je begeleiden, je helpen met je positionering en specifieke content op je apotheek afstemmen.<br \/>\nTot dan!<\/p>\n<p><script async=\"\" defer=\"\" src=\"https:\/\/js.appointlet.com\/\"><\/script>\n \t<link href=\"https:\/\/js.appointlet.com\/styles.css\" rel=\"stylesheet\">\n<a class=\"appointlet-button\" data-appointlet-modal=\"\" href=\"https:\/\/appt.link\/marketing-workshop-nl\/marketing-workshop-nl\" style=\"background-color:#851eff;\">Boek een workshop<\/a><\/p>\n","protected":false},"excerpt":{"rendered":"<p>Haal het maximum uit je digitale apotheek Volg de marketing workshop We zullen er geen doekjes om winden. Om mee te gaan in de&nbsp;digitalisering&nbsp;zal je ook inspanningen moeten leveren. We begrijpen dat&nbsp;marketing&nbsp;niet je kerntaak is en&nbsp;willen je graag een handje<\/p>\n","protected":false},"author":1,"featured_media":0,"parent":0,"menu_order":0,"comment_status":"closed","ping_status":"closed","template":"views\/template-no-contact-block.blade.php","meta":{"_acf_changed":false,"footnotes":""},"class_list":["post-13373","page","type-page","status-publish","hentry"],"acf":[],"yoast_head":"<!-- This site is optimized with the Yoast SEO plugin v22.9 - https:\/\/yoast.com\/wordpress\/plugins\/seo\/ -->\n<title>Workshops - Lochting<\/title>\n<meta name=\"description\" content=\"Leer alles over marketing en hoe je een apotheek webshop kan verbeteren via de gratis marketing workshop voor Lochting klanten.\" \/>\n<meta name=\"robots\" content=\"noindex, follow, max-snippet:-1, max-image-preview:large, max-video-preview:-1\" \/>\n<meta property=\"og:locale\" content=\"nl_BE\" \/>\n<meta property=\"og:type\" content=\"article\" \/>\n<meta property=\"og:title\" content=\"Workshops - Lochting\" \/>\n<meta property=\"og:description\" content=\"Leer alles over marketing en hoe je een apotheek webshop kan verbeteren via de gratis marketing workshop voor Lochting klanten.\" \/>\n<meta property=\"og:url\" content=\"https:\/\/wp-dev.lochting.com\/nl\/workshops\/\" \/>\n<meta property=\"og:site_name\" content=\"Lochting\" \/>\n<meta property=\"article:modified_time\" content=\"2023-08-02T12:28:05+00:00\" \/>\n<meta property=\"og:image\" content=\"https:\/\/wp-dev.lochting.com\/app\/uploads\/2022\/10\/Marketing-workshops-apothekers.jpg\" \/>\n<meta name=\"twitter:card\" content=\"summary_large_image\" \/>\n<meta name=\"twitter:label1\" content=\"Est. reading time\" \/>\n\t<meta name=\"twitter:data1\" content=\"1 minute\" \/>\n<script type=\"application\/ld+json\" class=\"yoast-schema-graph\">{\"@context\":\"https:\/\/schema.org\",\"@graph\":[{\"@type\":\"WebPage\",\"@id\":\"https:\/\/wp-dev.lochting.com\/nl\/workshops\/\",\"url\":\"https:\/\/wp-dev.lochting.com\/nl\/workshops\/\",\"name\":\"Workshops - Lochting\",\"isPartOf\":{\"@id\":\"https:\/\/www.lochting.com\/en\/#website\"},\"primaryImageOfPage\":{\"@id\":\"https:\/\/wp-dev.lochting.com\/nl\/workshops\/#primaryimage\"},\"image\":{\"@id\":\"https:\/\/wp-dev.lochting.com\/nl\/workshops\/#primaryimage\"},\"thumbnailUrl\":\"https:\/\/wp-dev.lochting.com\/app\/uploads\/2022\/10\/Marketing-workshops-apothekers.jpg\",\"datePublished\":\"2022-10-20T11:45:33+00:00\",\"dateModified\":\"2023-08-02T12:28:05+00:00\",\"description\":\"Leer alles over marketing en hoe je een apotheek webshop kan verbeteren via de gratis marketing workshop voor Lochting klanten.\",\"breadcrumb\":{\"@id\":\"https:\/\/wp-dev.lochting.com\/nl\/workshops\/#breadcrumb\"},\"inLanguage\":\"nl-BE\",\"potentialAction\":[{\"@type\":\"ReadAction\",\"target\":[\"https:\/\/wp-dev.lochting.com\/nl\/workshops\/\"]}]},{\"@type\":\"ImageObject\",\"inLanguage\":\"nl-BE\",\"@id\":\"https:\/\/wp-dev.lochting.com\/nl\/workshops\/#primaryimage\",\"url\":\"https:\/\/wp-dev.lochting.com\/app\/uploads\/2022\/10\/Marketing-workshops-apothekers.jpg\",\"contentUrl\":\"https:\/\/wp-dev.lochting.com\/app\/uploads\/2022\/10\/Marketing-workshops-apothekers.jpg\"},{\"@type\":\"BreadcrumbList\",\"@id\":\"https:\/\/wp-dev.lochting.com\/nl\/workshops\/#breadcrumb\",\"itemListElement\":[{\"@type\":\"ListItem\",\"position\":1,\"name\":\"Home\",\"item\":\"https:\/\/www.lochting.com\/nl\/\"},{\"@type\":\"ListItem\",\"position\":2,\"name\":\"Workshops\"}]},{\"@type\":\"WebSite\",\"@id\":\"https:\/\/www.lochting.com\/en\/#website\",\"url\":\"https:\/\/www.lochting.com\/en\/\",\"name\":\"Lochting\",\"description\":\"All your pharmacy sales channels on one platform\",\"potentialAction\":[{\"@type\":\"SearchAction\",\"target\":{\"@type\":\"EntryPoint\",\"urlTemplate\":\"https:\/\/www.lochting.com\/en\/?s={search_term_string}\"},\"query-input\":\"required name=search_term_string\"}],\"inLanguage\":\"nl-BE\"}]}<\/script>\n<!-- \/ Yoast SEO plugin. -->","yoast_head_json":{"title":"Workshops - Lochting","description":"Leer alles over marketing en hoe je een apotheek webshop kan verbeteren via de gratis marketing workshop voor Lochting klanten.","robots":{"index":"noindex","follow":"follow","max-snippet":"max-snippet:-1","max-image-preview":"max-image-preview:large","max-video-preview":"max-video-preview:-1"},"og_locale":"nl_BE","og_type":"article","og_title":"Workshops - Lochting","og_description":"Leer alles over marketing en hoe je een apotheek webshop kan verbeteren via de gratis marketing workshop voor Lochting klanten.","og_url":"https:\/\/wp-dev.lochting.com\/nl\/workshops\/","og_site_name":"Lochting","article_modified_time":"2023-08-02T12:28:05+00:00","og_image":[{"url":"https:\/\/wp-dev.lochting.com\/app\/uploads\/2022\/10\/Marketing-workshops-apothekers.jpg"}],"twitter_card":"summary_large_image","twitter_misc":{"Est. reading time":"1 minute"},"schema":{"@context":"https:\/\/schema.org","@graph":[{"@type":"WebPage","@id":"https:\/\/wp-dev.lochting.com\/nl\/workshops\/","url":"https:\/\/wp-dev.lochting.com\/nl\/workshops\/","name":"Workshops - Lochting","isPartOf":{"@id":"https:\/\/www.lochting.com\/en\/#website"},"primaryImageOfPage":{"@id":"https:\/\/wp-dev.lochting.com\/nl\/workshops\/#primaryimage"},"image":{"@id":"https:\/\/wp-dev.lochting.com\/nl\/workshops\/#primaryimage"},"thumbnailUrl":"https:\/\/wp-dev.lochting.com\/app\/uploads\/2022\/10\/Marketing-workshops-apothekers.jpg","datePublished":"2022-10-20T11:45:33+00:00","dateModified":"2023-08-02T12:28:05+00:00","description":"Leer alles over marketing en hoe je een apotheek webshop kan verbeteren via de gratis marketing workshop voor Lochting klanten.","breadcrumb":{"@id":"https:\/\/wp-dev.lochting.com\/nl\/workshops\/#breadcrumb"},"inLanguage":"nl-BE","potentialAction":[{"@type":"ReadAction","target":["https:\/\/wp-dev.lochting.com\/nl\/workshops\/"]}]},{"@type":"ImageObject","inLanguage":"nl-BE","@id":"https:\/\/wp-dev.lochting.com\/nl\/workshops\/#primaryimage","url":"https:\/\/wp-dev.lochting.com\/app\/uploads\/2022\/10\/Marketing-workshops-apothekers.jpg","contentUrl":"https:\/\/wp-dev.lochting.com\/app\/uploads\/2022\/10\/Marketing-workshops-apothekers.jpg"},{"@type":"BreadcrumbList","@id":"https:\/\/wp-dev.lochting.com\/nl\/workshops\/#breadcrumb","itemListElement":[{"@type":"ListItem","position":1,"name":"Home","item":"https:\/\/www.lochting.com\/nl\/"},{"@type":"ListItem","position":2,"name":"Workshops"}]},{"@type":"WebSite","@id":"https:\/\/www.lochting.com\/en\/#website","url":"https:\/\/www.lochting.com\/en\/","name":"Lochting","description":"All your pharmacy sales channels on one platform","potentialAction":[{"@type":"SearchAction","target":{"@type":"EntryPoint","urlTemplate":"https:\/\/www.lochting.com\/en\/?s={search_term_string}"},"query-input":"required name=search_term_string"}],"inLanguage":"nl-BE"}]}},"_links":{"self":[{"href":"https:\/\/wp-dev.lochting.com\/nl\/wp-json\/wp\/v2\/pages\/13373","targetHints":{"allow":["GET"]}}],"collection":[{"href":"https:\/\/wp-dev.lochting.com\/nl\/wp-json\/wp\/v2\/pages"}],"about":[{"href":"https:\/\/wp-dev.lochting.com\/nl\/wp-json\/wp\/v2\/types\/page"}],"author":[{"embeddable":true,"href":"https:\/\/wp-dev.lochting.com\/nl\/wp-json\/wp\/v2\/users\/1"}],"replies":[{"embeddable":true,"href":"https:\/\/wp-dev.lochting.com\/nl\/wp-json\/wp\/v2\/comments?post=13373"}],"version-history":[{"count":22,"href":"https:\/\/wp-dev.lochting.com\/nl\/wp-json\/wp\/v2\/pages\/13373\/revisions"}],"predecessor-version":[{"id":16175,"href":"https:\/\/wp-dev.lochting.com\/nl\/wp-json\/wp\/v2\/pages\/13373\/revisions\/16175"}],"wp:attachment":[{"href":"https:\/\/wp-dev.lochting.com\/nl\/wp-json\/wp\/v2\/media?parent=13373"}],"curies":[{"name":"wp","href":"https:\/\/api.w.org\/{rel}","templated":true}]}}