{"id":479,"date":"2020-09-16T11:27:54","date_gmt":"2020-09-16T11:27:54","guid":{"rendered":"https:\/\/lochting.dev003.baldwin.be\/disclaimer\/"},"modified":"2023-08-09T08:07:04","modified_gmt":"2023-08-09T08:07:04","slug":"avertissement","status":"publish","type":"page","link":"https:\/\/wp-dev.lochting.com\/fr-be\/avertissement\/","title":{"rendered":"Avertissement"},"content":{"rendered":"\n<p><em>Cette page a \u00e9t\u00e9 adapt\u00e9e pour la derni\u00e8re fois le 22 avril 2016.<\/em><\/p>\n\n\n\n<p>Nous sommes conscients de la confiance que vous nous accordez. Nous nous consid\u00e9rons donc comme responsables de la protection de votre vie priv\u00e9e. Sur cette page, nous vous indiquons les donn\u00e9es que nous collectons lorsque vous utilisez notre site Web, les raisons pour lesquelles nous collectons ces donn\u00e9es et la fa\u00e7on dont nous am\u00e9liorons votre exp\u00e9rience d\u2019utilisation avec ces donn\u00e9es. Ainsi, vous saurez exactement comment nous travaillons.<\/p>\n\n\n\n<p>La pr\u00e9sente politique de confidentialit\u00e9 s\u2019applique aux services de Lochting. Vous devez savoir que Lochting n\u2019est pas responsable de la politique de confidentialit\u00e9 d\u2019autres sites ou d\u2019autres sources. Par l\u2019utilisation de ce site Web, vous indiquez que vous acceptez la pr\u00e9sente politique de confidentialit\u00e9.<\/p>\n\n\n\n<p>Lochting respecte la vie priv\u00e9e de tous les utilisateurs de son site et veille \u00e0 ce que les informations personnelles que vous nous communiquez soient trait\u00e9es de mani\u00e8re confidentielle.<\/p>\n\n\n\n<p><strong><br>Notre utilisation des donn\u00e9es collect\u00e9es<\/strong><\/p>\n\n\n\n<p><u>Utilisation de nos services<\/u><br>Lorsque vous vous identifiez pour un de nos services, nous vous demandons de fournir des donn\u00e9es personnelles. Ces donn\u00e9es sont utilis\u00e9es pour pouvoir ex\u00e9cuter le service. Elles sont enregistr\u00e9es sur les propres serveurs s\u00e9curis\u00e9s de Lochting ou sur ceux d\u2019une tierce partie. Nous ne combinerons pas ces donn\u00e9es avec d\u2019autres donn\u00e9es personnelles dont nous disposons.<\/p>\n\n\n\n<p><u>Communication<\/u><br>Lorsque vous nous envoyez un courriel ou d\u2019autres messages, il est possible que nous conservions ces messages. Nous vous demanderons parfois de nous communiquer des donn\u00e9es personnelles importantes pour la situation en question. Cela nous permet de traiter vos demandes et d\u2019y r\u00e9pondre. Les donn\u00e9es sont enregistr\u00e9es sur les propres serveurs s\u00e9curis\u00e9s de Lochting ou sur ceux d\u2019une tierce partie. Nous ne combinerons pas ces donn\u00e9es avec d\u2019autres donn\u00e9es personnelles dont nous disposons.<\/p>\n\n\n\n<p><u>Cookies<\/u><br>Nous collectons des donn\u00e9es \u00e0 des fins d\u2019analyse pour mieux comprendre nos clients et ainsi adapter nos services en cons\u00e9quence.<\/p>\n\n\n\n<p>Ce site Web utilise des \u00ab cookies \u00bb (petits fichiers textes qui sont plac\u00e9s sur votre ordinateur) pour aider le site \u00e0 analyser la fa\u00e7on dont il est utilis\u00e9 par les visiteurs. Les informations g\u00e9n\u00e9r\u00e9es par ces cookies sur votre utilisation du site Web peuvent \u00eatre transf\u00e9r\u00e9es vers les propres serveurs s\u00e9curis\u00e9s de Lochting ou ceux d\u2019une tierce partie. Nous utilisons ces informations pour suivre votre mode d\u2019utilisation du site Web, pour \u00e9tablir des rapports sur l\u2019activit\u00e9 du site et proposer d\u2019autres services concernant l\u2019activit\u00e9 du site et l\u2019utilisation de l\u2019internet.<\/p>\n\n\n\n<p><strong>Objectifs<\/strong><\/p>\n\n\n\n<p>Nous ne collectons et n\u2019utilisons aucune information \u00e0 d\u2019autres fins que celles d\u00e9crites dans la pr\u00e9sente politique de confidentialit\u00e9, sauf autorisation pr\u00e9alable de votre part.<\/p>\n\n\n\n<p><strong>Tiers<\/strong><\/p>\n\n\n\n<p>Les informations ne sont pas partag\u00e9es avec des tiers. Elles peuvent \u00eatre partag\u00e9es en interne dans quelques cas. Nos travailleurs sont tenus de respecter la confidentialit\u00e9 de vos donn\u00e9es.<\/p>\n\n\n\n<p><strong>Modifications<\/strong><\/p>\n\n\n\n<p>La pr\u00e9sente d\u00e9claration de confidentialit\u00e9 est adapt\u00e9e \u00e0 l\u2019utilisation de ce site et aux possibilit\u00e9s qui y sont offertes. Les adaptations et\/ou modifications \u00e9ventuellement apport\u00e9es \u00e0 ce site peuvent conduire \u00e0 des changements dans la pr\u00e9sente d\u00e9claration de confidentialit\u00e9. Il est donc conseill\u00e9 de consulter r\u00e9guli\u00e8rement cette d\u00e9claration.<\/p>\n\n\n\n<p><strong>Choix concernant les donn\u00e9es \u00e0 caract\u00e8re personnel<br><\/strong><br>Nous donnons \u00e0 tous les visiteurs la possibilit\u00e9 de consulter, de modifier ou de supprimer toutes les informations personnelles qui nous sont fournies \u00e0 un moment donn\u00e9.<\/p>\n\n\n\n<p><u>Adaptation\/d\u00e9sabonnement service lettre d\u2019information<\/u><br>Vous aurez au bas de chaque message publipost\u00e9 la possibilit\u00e9 d\u2019adapter vos donn\u00e9es ou de vous d\u00e9sabonner.<\/p>\n\n\n\n<p><u>Adaptation\/d\u00e9sabonnement communication<\/u><br>Si vous voulez adapter vos donn\u00e9es ou vous faire rayer de nos fichiers, vous pouvez nous contacter. Voyez les coordonn\u00e9es de contact ci-dessous.<\/p>\n\n\n\n<p><u>D\u00e9sactiver les cookies<\/u><br>La plupart des navigateurs sont programm\u00e9s par d\u00e9faut pour accepter les cookies, mais vous pouvez reconfigurer votre navigateur pour qu\u2019il refuse tous les cookies ou vous indique quand un cookie est envoy\u00e9. Il est toutefois possible que certaines fonctions et certains services ne fonctionnent pas correctement sur notre site Web et d\u2019autres sites Web lorsque les cookies sont d\u00e9sactiv\u00e9s dans votre navigateur.<br><strong>D\u00e9claration de confidentialit\u00e9 dans le contexte de la l\u00e9gislation GDPR.<\/strong><\/p>\n\n\n\n<p>A.C.N. s.p.r.l. (Lochting) \u2013 Lodewijk de Raetlaan 16 \u2013 8870 Izegem, traite les donn\u00e9es personnelles conform\u00e9ment \u00e0 cette d\u00e9claration de confidentialit\u00e9. Pour plus d\u2019informations, questions ou commentaires concernant notre politique de confidentialit\u00e9, s\u2019il vous pla\u00eet visitez <a href=\"mailto:info@lochting.com\">info@lochting.com<\/a><\/p>\n\n\n\n<p><u>Buts de ce traitement<\/u><br>A.C.N. s.p.r.l. (Lochting) \u2013 Louis Raetlaan 16-8870 Izegem recueille et traite les donn\u00e9es personnelles des clients pour la gestion des clients et commandes (y compris la gestion des clients, les commandes \/ livraisons suivi, la facturation, le suivi et l\u2019envoi de solvabilit\u00e9 marketing et la publicit\u00e9 personnalis\u00e9e).<\/p>\n\n\n\n<p><u>Base juridique du traitement<\/u><br>Les donn\u00e9es personnelles sont trait\u00e9es sur la base de l\u2019article 6.1. autorisation, n\u00e9cessaire \u00e0 l\u2019ex\u00e9cution d\u2019un accord) du r\u00e8glement g\u00e9n\u00e9ral sur la protection des donn\u00e9es.<\/p>\n\n\n\n<p>Dans la mesure o\u00f9 le traitement des donn\u00e9es \u00e0 caract\u00e8re personnel a lieu sur la base de l\u2019article 6.1. autorisation, le client a toujours le droit de retirer le consentement donn\u00e9.<\/p>\n\n\n\n<p><u>Transfert \u00e0 des tiers<\/u><br>Si cela est n\u00e9cessaire pour atteindre les objectifs \u00e9nonc\u00e9s, les donn\u00e9es personnelles du client seront partag\u00e9s avec d\u2019autres soci\u00e9t\u00e9s (le \u2018A.C.N. b.v.b.a. (Lochting)\u2019 groupe) au sein de l\u2019Espace \u00e9conomique europ\u00e9en qui sont directement ou indirectement connect\u00e9s avec \u2018A.C.N. s.p.r.l. (Lochting)\u2019 ou avec un autre partenaire de \u2018A.C.N. s.p.r.l. (Lochting) \u2018;<\/p>\n\n\n\n<p>\u2018A.C.N. s.p.r.l. (Lochting)\u2019 garantit que ces destinataires prendront les mesures techniques et organisationnelles n\u00e9cessaires pour prot\u00e9ger les donn\u00e9es personnelles.<\/p>\n\n\n\n<p><u>P\u00e9riode de stockage<\/u><br>Les donn\u00e9es personnelles trait\u00e9es pour la gestion de la client\u00e8le seront conserv\u00e9es pendant la p\u00e9riode n\u00e9cessaire pour se conformer aux exigences l\u00e9gales (y compris dans le domaine de la comptabilit\u00e9).<\/p>\n\n\n\n<p><u>Droit d\u2019acc\u00e8s, de rectification, d\u2019effacement, de restriction, d\u2019opposition et de transf\u00e9rabilit\u00e9 des donn\u00e9es personnelles<\/u><br>Le client a toujours le droit d\u2019inspecter leurs donn\u00e9es personnelles et les am\u00e9liorer (\u00e0) si elles sont incorrectes ou incompl\u00e8tes, ils ont enlev\u00e9, permettent de limiter leur traitement et d\u2019opposition au traitement de ses donn\u00e9es personnelles sur la base de l\u2019article 6.1 (f), y compris le profilage bas\u00e9 sur ces dispositions.<\/p>\n\n\n\n<p>En outre, le client a le droit d\u2019obtenir une copie (dans une forme structur\u00e9e et standard et lisible par machine) de leurs donn\u00e9es personnelles et de transmettre des donn\u00e9es personnelles \u00e0 une autre soci\u00e9t\u00e9.<\/p>\n\n\n\n<p>Afin d\u2019exercer les droits ci-dessus, le client est invit\u00e9 \u00e0:<\/p>\n\n\n\n<ul class=\"wp-block-list\">\n<li>\n<p class=\"small-content\">envoyez un e-mail \u00e0 l\u2019adresse e-mail suivante:&nbsp;<a href=\"mailto:info@lochting.com\">info@lochting.com<\/a><\/p>\n<\/li>\n<\/ul>\n\n\n\n<p><u>Marketing direct<\/u><br>Le client a le droit de s\u2019opposer sans frais au traitement de ses donn\u00e9es personnelles en vue d\u2019un marketing direct.<\/p>\n\n\n\n<p><u>Plainte<\/u><br>Le client a le droit de d\u00e9poser une plainte aupr\u00e8s de la Commission pour la protection de la vie priv\u00e9e (Drukpersstraat 35, 1000 Bruxelles \u2013&nbsp;<a href=\"mailto:commission@privacycommission.be\">commission@privacycommission.be<\/a>).<\/p>\n\n\n\n<p><strong>Questions et feed-back<br><\/strong><br>Nous contr\u00f4lons r\u00e9guli\u00e8rement notre respect de cette politique de confidentialit\u00e9. Si vous avez des questions concernant cette politique, vous pouvez nous contacter :<\/p>\n\n\n\n<p>Lochting<br>Lodewijk De Raetlaan 16<br>B-8870 Izegem<br>+32 (0)51 312181<br><a href=\"mailto:info@lochting.com\">info@lochting.com<\/a><\/p>\n","protected":false},"excerpt":{"rendered":"<p>Cette page a \u00e9t\u00e9 adapt\u00e9e pour la derni\u00e8re fois le 22 avril 2016. Nous sommes conscients de la confiance que vous nous accordez. Nous nous consid\u00e9rons donc comme responsables de la protection de votre vie priv\u00e9e. Sur cette page, nous<\/p>\n","protected":false},"author":1,"featured_media":0,"parent":0,"menu_order":0,"comment_status":"closed","ping_status":"closed","template":"","meta":{"_acf_changed":false,"footnotes":""},"class_list":["post-479","page","type-page","status-publish","hentry"],"acf":[],"yoast_head":"<!-- This site is optimized with the Yoast SEO plugin v22.9 - https:\/\/yoast.com\/wordpress\/plugins\/seo\/ -->\n<title>Avertissement - Lochting<\/title>\n<meta name=\"description\" content=\"Lire la clause de non-responsabilit\u00e9 de Lochting. Nous collectons et utilisons des donn\u00e9es pour am\u00e9liorer l&#039;utilisation de notre site web.\" \/>\n<meta name=\"robots\" content=\"noindex, follow, max-snippet:-1, max-image-preview:large, max-video-preview:-1\" \/>\n<meta property=\"og:locale\" content=\"fr_FR\" \/>\n<meta property=\"og:type\" content=\"article\" \/>\n<meta property=\"og:title\" content=\"Avertissement - Lochting\" \/>\n<meta property=\"og:description\" content=\"Lire la clause de non-responsabilit\u00e9 de Lochting. Nous collectons et utilisons des donn\u00e9es pour am\u00e9liorer l&#039;utilisation de notre site web.\" \/>\n<meta property=\"og:url\" content=\"https:\/\/wp-dev.lochting.com\/fr-be\/avertissement\/\" \/>\n<meta property=\"og:site_name\" content=\"Lochting\" \/>\n<meta property=\"article:modified_time\" content=\"2023-08-09T08:07:04+00:00\" \/>\n<meta name=\"twitter:card\" content=\"summary_large_image\" \/>\n<meta name=\"twitter:label1\" content=\"Est. reading time\" \/>\n\t<meta name=\"twitter:data1\" content=\"5 minutes\" \/>\n<script type=\"application\/ld+json\" class=\"yoast-schema-graph\">{\"@context\":\"https:\/\/schema.org\",\"@graph\":[{\"@type\":\"WebPage\",\"@id\":\"https:\/\/wp-dev.lochting.com\/fr-be\/avertissement\/\",\"url\":\"https:\/\/wp-dev.lochting.com\/fr-be\/avertissement\/\",\"name\":\"Avertissement - Lochting\",\"isPartOf\":{\"@id\":\"https:\/\/www.lochting.com\/en\/#website\"},\"datePublished\":\"2020-09-16T11:27:54+00:00\",\"dateModified\":\"2023-08-09T08:07:04+00:00\",\"description\":\"Lire la clause de non-responsabilit\u00e9 de Lochting. Nous collectons et utilisons des donn\u00e9es pour am\u00e9liorer l'utilisation de notre site web.\",\"breadcrumb\":{\"@id\":\"https:\/\/wp-dev.lochting.com\/fr-be\/avertissement\/#breadcrumb\"},\"inLanguage\":\"fr-BE\",\"potentialAction\":[{\"@type\":\"ReadAction\",\"target\":[\"https:\/\/wp-dev.lochting.com\/fr-be\/avertissement\/\"]}]},{\"@type\":\"BreadcrumbList\",\"@id\":\"https:\/\/wp-dev.lochting.com\/fr-be\/avertissement\/#breadcrumb\",\"itemListElement\":[{\"@type\":\"ListItem\",\"position\":1,\"name\":\"Home\",\"item\":\"https:\/\/www.lochting.com\/fr-be\/\"},{\"@type\":\"ListItem\",\"position\":2,\"name\":\"Avertissement\"}]},{\"@type\":\"WebSite\",\"@id\":\"https:\/\/www.lochting.com\/en\/#website\",\"url\":\"https:\/\/www.lochting.com\/en\/\",\"name\":\"Lochting\",\"description\":\"All your pharmacy sales channels on one platform\",\"potentialAction\":[{\"@type\":\"SearchAction\",\"target\":{\"@type\":\"EntryPoint\",\"urlTemplate\":\"https:\/\/www.lochting.com\/en\/?s={search_term_string}\"},\"query-input\":\"required name=search_term_string\"}],\"inLanguage\":\"fr-BE\"}]}<\/script>\n<!-- \/ Yoast SEO plugin. -->","yoast_head_json":{"title":"Avertissement - Lochting","description":"Lire la clause de non-responsabilit\u00e9 de Lochting. Nous collectons et utilisons des donn\u00e9es pour am\u00e9liorer l'utilisation de notre site web.","robots":{"index":"noindex","follow":"follow","max-snippet":"max-snippet:-1","max-image-preview":"max-image-preview:large","max-video-preview":"max-video-preview:-1"},"og_locale":"fr_FR","og_type":"article","og_title":"Avertissement - Lochting","og_description":"Lire la clause de non-responsabilit\u00e9 de Lochting. Nous collectons et utilisons des donn\u00e9es pour am\u00e9liorer l'utilisation de notre site web.","og_url":"https:\/\/wp-dev.lochting.com\/fr-be\/avertissement\/","og_site_name":"Lochting","article_modified_time":"2023-08-09T08:07:04+00:00","twitter_card":"summary_large_image","twitter_misc":{"Est. reading time":"5 minutes"},"schema":{"@context":"https:\/\/schema.org","@graph":[{"@type":"WebPage","@id":"https:\/\/wp-dev.lochting.com\/fr-be\/avertissement\/","url":"https:\/\/wp-dev.lochting.com\/fr-be\/avertissement\/","name":"Avertissement - Lochting","isPartOf":{"@id":"https:\/\/www.lochting.com\/en\/#website"},"datePublished":"2020-09-16T11:27:54+00:00","dateModified":"2023-08-09T08:07:04+00:00","description":"Lire la clause de non-responsabilit\u00e9 de Lochting. Nous collectons et utilisons des donn\u00e9es pour am\u00e9liorer l'utilisation de notre site web.","breadcrumb":{"@id":"https:\/\/wp-dev.lochting.com\/fr-be\/avertissement\/#breadcrumb"},"inLanguage":"fr-BE","potentialAction":[{"@type":"ReadAction","target":["https:\/\/wp-dev.lochting.com\/fr-be\/avertissement\/"]}]},{"@type":"BreadcrumbList","@id":"https:\/\/wp-dev.lochting.com\/fr-be\/avertissement\/#breadcrumb","itemListElement":[{"@type":"ListItem","position":1,"name":"Home","item":"https:\/\/www.lochting.com\/fr-be\/"},{"@type":"ListItem","position":2,"name":"Avertissement"}]},{"@type":"WebSite","@id":"https:\/\/www.lochting.com\/en\/#website","url":"https:\/\/www.lochting.com\/en\/","name":"Lochting","description":"All your pharmacy sales channels on one platform","potentialAction":[{"@type":"SearchAction","target":{"@type":"EntryPoint","urlTemplate":"https:\/\/www.lochting.com\/en\/?s={search_term_string}"},"query-input":"required name=search_term_string"}],"inLanguage":"fr-BE"}]}},"_links":{"self":[{"href":"https:\/\/wp-dev.lochting.com\/fr-be\/wp-json\/wp\/v2\/pages\/479","targetHints":{"allow":["GET"]}}],"collection":[{"href":"https:\/\/wp-dev.lochting.com\/fr-be\/wp-json\/wp\/v2\/pages"}],"about":[{"href":"https:\/\/wp-dev.lochting.com\/fr-be\/wp-json\/wp\/v2\/types\/page"}],"author":[{"embeddable":true,"href":"https:\/\/wp-dev.lochting.com\/fr-be\/wp-json\/wp\/v2\/users\/1"}],"replies":[{"embeddable":true,"href":"https:\/\/wp-dev.lochting.com\/fr-be\/wp-json\/wp\/v2\/comments?post=479"}],"version-history":[{"count":5,"href":"https:\/\/wp-dev.lochting.com\/fr-be\/wp-json\/wp\/v2\/pages\/479\/revisions"}],"predecessor-version":[{"id":15795,"href":"https:\/\/wp-dev.lochting.com\/fr-be\/wp-json\/wp\/v2\/pages\/479\/revisions\/15795"}],"wp:attachment":[{"href":"https:\/\/wp-dev.lochting.com\/fr-be\/wp-json\/wp\/v2\/media?parent=479"}],"curies":[{"name":"wp","href":"https:\/\/api.w.org\/{rel}","templated":true}]}}