{"id":14193,"date":"2022-12-12T10:55:45","date_gmt":"2022-12-12T10:55:45","guid":{"rendered":"https:\/\/www.lochting.com\/?page_id=14193"},"modified":"2023-08-09T07:48:48","modified_gmt":"2023-08-09T07:48:48","slug":"formations","status":"publish","type":"page","link":"https:\/\/wp-dev.lochting.com\/fr-be\/formations\/","title":{"rendered":"Formations"},"content":{"rendered":"<h2><img decoding=\"async\" class=\"size-full wp-image-13387 alignleft\" title=\"Marketing-workshops-apothekers\" src=\"https:\/\/wp-dev.lochting.com\/app\/uploads\/2022\/10\/Marketing-workshops-apothekers.jpg\" alt=\"Marketing workshops voor apothekers\" width=\"511\" height=\"507\" srcset=\"https:\/\/wp-dev.lochting.com\/app\/uploads\/2022\/10\/Marketing-workshops-apothekers.jpg 511w, https:\/\/wp-dev.lochting.com\/app\/uploads\/2022\/10\/Marketing-workshops-apothekers-250x248.jpg 250w, https:\/\/wp-dev.lochting.com\/app\/uploads\/2022\/10\/Marketing-workshops-apothekers-150x150.jpg 150w, https:\/\/wp-dev.lochting.com\/app\/uploads\/2022\/10\/Marketing-workshops-apothekers-82x81.jpg 82w, https:\/\/wp-dev.lochting.com\/app\/uploads\/2022\/10\/Marketing-workshops-apothekers-96x95.jpg 96w, https:\/\/wp-dev.lochting.com\/app\/uploads\/2022\/10\/Marketing-workshops-apothekers-302x300.jpg 302w\" sizes=\"(max-width: 576px) 100vw, (max-width: 768px) 50vw, (max-width: 992px) 40vw, (max-width: 1200px) 60vw, (max-width: 1400px) 80vw, 1700px\" \/>Suivre un cours en ligne<\/h2>\n<p>Vous pouvez d\u00e9sormais suivre une formation en ligne, qui vous permet \u00e9galement de poser des questions tr\u00e8s pr\u00e9cises.<\/p>\n<p>(Veuillez noter que la formation porte sur l&#8217;utilisation de la plateforme et non sur les abonnements, les prix ou Febelco, pour lesquels nous vous renvoyons \u00e0 votre gestionnaire de relations).<\/p>\n<p><script async=\"\" defer=\"\" src=\"https:\/\/js.appointlet.com\/\"><\/script>\n \t<link href=\"https:\/\/js.appointlet.com\/styles.css\" rel=\"stylesheet\">\n<a class=\"appointlet-button\" data-appointlet-modal=\"\" href=\"https:\/\/appt.link\/lochting-forms-fr\/formation-pharmacie-en-ligne-lochting\" style=\"background-color:#851eff;\">R\u00e9server une formation<\/a><\/p>\n","protected":false},"excerpt":{"rendered":"<p>Suivre un cours en ligne Vous pouvez d\u00e9sormais suivre une formation en ligne, qui vous permet \u00e9galement de poser des questions tr\u00e8s pr\u00e9cises. (Veuillez noter que la formation porte sur l&#8217;utilisation de la plateforme et non sur les abonnements, les<\/p>\n","protected":false},"author":1,"featured_media":0,"parent":0,"menu_order":0,"comment_status":"closed","ping_status":"closed","template":"views\/template-no-contact-block.blade.php","meta":{"_acf_changed":false,"footnotes":""},"class_list":["post-14193","page","type-page","status-publish","hentry"],"acf":[],"yoast_head":"<!-- This site is optimized with the Yoast SEO plugin v22.9 - https:\/\/yoast.com\/wordpress\/plugins\/seo\/ -->\n<title>Formations - Lochting<\/title>\n<meta name=\"description\" content=\"Lochting offre une formation gratuite \u00e0 nos pharmacies. Nous vous apprenons \u00e0 utiliser la plateforme et \u00e0 g\u00e9rer votre boutique en ligne.\" \/>\n<meta name=\"robots\" content=\"noindex, follow, max-snippet:-1, max-image-preview:large, max-video-preview:-1\" \/>\n<meta property=\"og:locale\" content=\"fr_FR\" \/>\n<meta property=\"og:type\" content=\"article\" \/>\n<meta property=\"og:title\" content=\"Formations - Lochting\" \/>\n<meta property=\"og:description\" content=\"Lochting offre une formation gratuite \u00e0 nos pharmacies. Nous vous apprenons \u00e0 utiliser la plateforme et \u00e0 g\u00e9rer votre boutique en ligne.\" \/>\n<meta property=\"og:url\" content=\"https:\/\/wp-dev.lochting.com\/fr-be\/formations\/\" \/>\n<meta property=\"og:site_name\" content=\"Lochting\" \/>\n<meta property=\"article:modified_time\" content=\"2023-08-09T07:48:48+00:00\" \/>\n<meta property=\"og:image\" content=\"https:\/\/wp-dev.lochting.com\/app\/uploads\/2022\/10\/Marketing-workshops-apothekers.jpg\" \/>\n<meta name=\"twitter:card\" content=\"summary_large_image\" \/>\n<meta name=\"twitter:label1\" content=\"Est. reading time\" \/>\n\t<meta name=\"twitter:data1\" content=\"1 minute\" \/>\n<script type=\"application\/ld+json\" class=\"yoast-schema-graph\">{\"@context\":\"https:\/\/schema.org\",\"@graph\":[{\"@type\":\"WebPage\",\"@id\":\"https:\/\/wp-dev.lochting.com\/fr-be\/formations\/\",\"url\":\"https:\/\/wp-dev.lochting.com\/fr-be\/formations\/\",\"name\":\"Formations - Lochting\",\"isPartOf\":{\"@id\":\"https:\/\/www.lochting.com\/en\/#website\"},\"primaryImageOfPage\":{\"@id\":\"https:\/\/wp-dev.lochting.com\/fr-be\/formations\/#primaryimage\"},\"image\":{\"@id\":\"https:\/\/wp-dev.lochting.com\/fr-be\/formations\/#primaryimage\"},\"thumbnailUrl\":\"https:\/\/wp-dev.lochting.com\/app\/uploads\/2022\/10\/Marketing-workshops-apothekers.jpg\",\"datePublished\":\"2022-12-12T10:55:45+00:00\",\"dateModified\":\"2023-08-09T07:48:48+00:00\",\"description\":\"Lochting offre une formation gratuite \u00e0 nos pharmacies. Nous vous apprenons \u00e0 utiliser la plateforme et \u00e0 g\u00e9rer votre boutique en ligne.\",\"breadcrumb\":{\"@id\":\"https:\/\/wp-dev.lochting.com\/fr-be\/formations\/#breadcrumb\"},\"inLanguage\":\"fr-BE\",\"potentialAction\":[{\"@type\":\"ReadAction\",\"target\":[\"https:\/\/wp-dev.lochting.com\/fr-be\/formations\/\"]}]},{\"@type\":\"ImageObject\",\"inLanguage\":\"fr-BE\",\"@id\":\"https:\/\/wp-dev.lochting.com\/fr-be\/formations\/#primaryimage\",\"url\":\"https:\/\/wp-dev.lochting.com\/app\/uploads\/2022\/10\/Marketing-workshops-apothekers.jpg\",\"contentUrl\":\"https:\/\/wp-dev.lochting.com\/app\/uploads\/2022\/10\/Marketing-workshops-apothekers.jpg\"},{\"@type\":\"BreadcrumbList\",\"@id\":\"https:\/\/wp-dev.lochting.com\/fr-be\/formations\/#breadcrumb\",\"itemListElement\":[{\"@type\":\"ListItem\",\"position\":1,\"name\":\"Home\",\"item\":\"https:\/\/www.lochting.com\/fr-be\/\"},{\"@type\":\"ListItem\",\"position\":2,\"name\":\"Formations\"}]},{\"@type\":\"WebSite\",\"@id\":\"https:\/\/www.lochting.com\/en\/#website\",\"url\":\"https:\/\/www.lochting.com\/en\/\",\"name\":\"Lochting\",\"description\":\"All your pharmacy sales channels on one platform\",\"potentialAction\":[{\"@type\":\"SearchAction\",\"target\":{\"@type\":\"EntryPoint\",\"urlTemplate\":\"https:\/\/www.lochting.com\/en\/?s={search_term_string}\"},\"query-input\":\"required name=search_term_string\"}],\"inLanguage\":\"fr-BE\"}]}<\/script>\n<!-- \/ Yoast SEO plugin. -->","yoast_head_json":{"title":"Formations - Lochting","description":"Lochting offre une formation gratuite \u00e0 nos pharmacies. Nous vous apprenons \u00e0 utiliser la plateforme et \u00e0 g\u00e9rer votre boutique en ligne.","robots":{"index":"noindex","follow":"follow","max-snippet":"max-snippet:-1","max-image-preview":"max-image-preview:large","max-video-preview":"max-video-preview:-1"},"og_locale":"fr_FR","og_type":"article","og_title":"Formations - Lochting","og_description":"Lochting offre une formation gratuite \u00e0 nos pharmacies. Nous vous apprenons \u00e0 utiliser la plateforme et \u00e0 g\u00e9rer votre boutique en ligne.","og_url":"https:\/\/wp-dev.lochting.com\/fr-be\/formations\/","og_site_name":"Lochting","article_modified_time":"2023-08-09T07:48:48+00:00","og_image":[{"url":"https:\/\/wp-dev.lochting.com\/app\/uploads\/2022\/10\/Marketing-workshops-apothekers.jpg"}],"twitter_card":"summary_large_image","twitter_misc":{"Est. reading time":"1 minute"},"schema":{"@context":"https:\/\/schema.org","@graph":[{"@type":"WebPage","@id":"https:\/\/wp-dev.lochting.com\/fr-be\/formations\/","url":"https:\/\/wp-dev.lochting.com\/fr-be\/formations\/","name":"Formations - Lochting","isPartOf":{"@id":"https:\/\/www.lochting.com\/en\/#website"},"primaryImageOfPage":{"@id":"https:\/\/wp-dev.lochting.com\/fr-be\/formations\/#primaryimage"},"image":{"@id":"https:\/\/wp-dev.lochting.com\/fr-be\/formations\/#primaryimage"},"thumbnailUrl":"https:\/\/wp-dev.lochting.com\/app\/uploads\/2022\/10\/Marketing-workshops-apothekers.jpg","datePublished":"2022-12-12T10:55:45+00:00","dateModified":"2023-08-09T07:48:48+00:00","description":"Lochting offre une formation gratuite \u00e0 nos pharmacies. Nous vous apprenons \u00e0 utiliser la plateforme et \u00e0 g\u00e9rer votre boutique en ligne.","breadcrumb":{"@id":"https:\/\/wp-dev.lochting.com\/fr-be\/formations\/#breadcrumb"},"inLanguage":"fr-BE","potentialAction":[{"@type":"ReadAction","target":["https:\/\/wp-dev.lochting.com\/fr-be\/formations\/"]}]},{"@type":"ImageObject","inLanguage":"fr-BE","@id":"https:\/\/wp-dev.lochting.com\/fr-be\/formations\/#primaryimage","url":"https:\/\/wp-dev.lochting.com\/app\/uploads\/2022\/10\/Marketing-workshops-apothekers.jpg","contentUrl":"https:\/\/wp-dev.lochting.com\/app\/uploads\/2022\/10\/Marketing-workshops-apothekers.jpg"},{"@type":"BreadcrumbList","@id":"https:\/\/wp-dev.lochting.com\/fr-be\/formations\/#breadcrumb","itemListElement":[{"@type":"ListItem","position":1,"name":"Home","item":"https:\/\/www.lochting.com\/fr-be\/"},{"@type":"ListItem","position":2,"name":"Formations"}]},{"@type":"WebSite","@id":"https:\/\/www.lochting.com\/en\/#website","url":"https:\/\/www.lochting.com\/en\/","name":"Lochting","description":"All your pharmacy sales channels on one platform","potentialAction":[{"@type":"SearchAction","target":{"@type":"EntryPoint","urlTemplate":"https:\/\/www.lochting.com\/en\/?s={search_term_string}"},"query-input":"required name=search_term_string"}],"inLanguage":"fr-BE"}]}},"_links":{"self":[{"href":"https:\/\/wp-dev.lochting.com\/fr-be\/wp-json\/wp\/v2\/pages\/14193","targetHints":{"allow":["GET"]}}],"collection":[{"href":"https:\/\/wp-dev.lochting.com\/fr-be\/wp-json\/wp\/v2\/pages"}],"about":[{"href":"https:\/\/wp-dev.lochting.com\/fr-be\/wp-json\/wp\/v2\/types\/page"}],"author":[{"embeddable":true,"href":"https:\/\/wp-dev.lochting.com\/fr-be\/wp-json\/wp\/v2\/users\/1"}],"replies":[{"embeddable":true,"href":"https:\/\/wp-dev.lochting.com\/fr-be\/wp-json\/wp\/v2\/comments?post=14193"}],"version-history":[{"count":2,"href":"https:\/\/wp-dev.lochting.com\/fr-be\/wp-json\/wp\/v2\/pages\/14193\/revisions"}],"predecessor-version":[{"id":16226,"href":"https:\/\/wp-dev.lochting.com\/fr-be\/wp-json\/wp\/v2\/pages\/14193\/revisions\/16226"}],"wp:attachment":[{"href":"https:\/\/wp-dev.lochting.com\/fr-be\/wp-json\/wp\/v2\/media?parent=14193"}],"curies":[{"name":"wp","href":"https:\/\/api.w.org\/{rel}","templated":true}]}}