{"id":14024,"date":"2022-12-06T16:25:59","date_gmt":"2022-12-06T16:25:59","guid":{"rendered":"https:\/\/www.lochting.com\/?page_id=14024"},"modified":"2023-08-09T07:22:19","modified_gmt":"2023-08-09T07:22:19","slug":"workshops","status":"publish","type":"page","link":"https:\/\/wp-dev.lochting.com\/fr-be\/workshops\/","title":{"rendered":"Workshops"},"content":{"rendered":"<h2><img decoding=\"async\" class=\"size-full wp-image-13389 alignright\" title=\"Marketing-workshops-apothekers\" src=\"https:\/\/wp-dev.lochting.com\/app\/uploads\/2022\/10\/Marketing-workshops-apothekers.jpg\" alt=\"Marketing workshops voor apothekers\" width=\"511\" height=\"507\" srcset=\"https:\/\/wp-dev.lochting.com\/app\/uploads\/2022\/10\/Marketing-workshops-apothekers.jpg 511w, https:\/\/wp-dev.lochting.com\/app\/uploads\/2022\/10\/Marketing-workshops-apothekers-250x248.jpg 250w, https:\/\/wp-dev.lochting.com\/app\/uploads\/2022\/10\/Marketing-workshops-apothekers-150x150.jpg 150w, https:\/\/wp-dev.lochting.com\/app\/uploads\/2022\/10\/Marketing-workshops-apothekers-82x81.jpg 82w, https:\/\/wp-dev.lochting.com\/app\/uploads\/2022\/10\/Marketing-workshops-apothekers-96x95.jpg 96w, https:\/\/wp-dev.lochting.com\/app\/uploads\/2022\/10\/Marketing-workshops-apothekers-302x300.jpg 302w\" sizes=\"(max-width: 576px) 100vw, (max-width: 768px) 50vw, (max-width: 992px) 40vw, (max-width: 1200px) 60vw, (max-width: 1400px) 80vw, 1700px\" \/>Tirez le meilleur parti de votre pharmacie num\u00e9rique<\/h2>\n<h3>Participez \u00e0 l&#8217;atelier de marketing<\/h3>\n<p>Nous ne tournerons pas autour du pot. Pour suivre le rythme de la num\u00e9risation, vous devrez \u00e9galement faire des efforts. Nous comprenons que le marketing n&#8217;est pas votre activit\u00e9 principale et nous aimerions vous donner un coup de main.<\/p>\n<p>Suivez l&#8217;un de nos ateliers \u00e0 partir de la mi-janvier. Lors de s\u00e9ances individuelles, nous souhaitons vous guider, vous aider \u00e0 vous positionner et adapter un contenu sp\u00e9cifique \u00e0 votre pharmacie. A bient\u00f4t !<\/p>\n<p><script async=\"\" defer=\"\" src=\"https:\/\/js.appointlet.com\/\"><\/script>\n \t<link href=\"https:\/\/js.appointlet.com\/styles.css\" rel=\"stylesheet\">\n<a class=\"appointlet-button\" data-appointlet-modal=\"\" href=\"https:\/\/appt.link\/lochting-forms-fr\/atelier-marketing\" style=\"background-color:#851eff;\">R\u00e9servez un atelier <\/a><\/p>\n","protected":false},"excerpt":{"rendered":"<p>Tirez le meilleur parti de votre pharmacie num\u00e9rique Participez \u00e0 l&#8217;atelier de marketing Nous ne tournerons pas autour du pot. Pour suivre le rythme de la num\u00e9risation, vous devrez \u00e9galement faire des efforts. Nous comprenons que le marketing n&#8217;est pas<\/p>\n","protected":false},"author":1,"featured_media":0,"parent":0,"menu_order":0,"comment_status":"closed","ping_status":"closed","template":"views\/template-no-contact-block.blade.php","meta":{"_acf_changed":false,"footnotes":""},"class_list":["post-14024","page","type-page","status-publish","hentry"],"acf":[],"yoast_head":"<!-- This site is optimized with the Yoast SEO plugin v22.9 - https:\/\/yoast.com\/wordpress\/plugins\/seo\/ -->\n<title>Workshops - Lochting<\/title>\n<meta name=\"description\" content=\"Apprenez tout sur le marketing et sur la mani\u00e8re d&#039;am\u00e9liorer la boutique en ligne d&#039;une pharmacie gr\u00e2ce \u00e0 l&#039;atelier marketing gratuit.\" \/>\n<meta name=\"robots\" content=\"noindex, follow, max-snippet:-1, max-image-preview:large, max-video-preview:-1\" \/>\n<meta property=\"og:locale\" content=\"fr_FR\" \/>\n<meta property=\"og:type\" content=\"article\" \/>\n<meta property=\"og:title\" content=\"Workshops - Lochting\" \/>\n<meta property=\"og:description\" content=\"Apprenez tout sur le marketing et sur la mani\u00e8re d&#039;am\u00e9liorer la boutique en ligne d&#039;une pharmacie gr\u00e2ce \u00e0 l&#039;atelier marketing gratuit.\" \/>\n<meta property=\"og:url\" content=\"https:\/\/wp-dev.lochting.com\/fr-be\/workshops\/\" \/>\n<meta property=\"og:site_name\" content=\"Lochting\" \/>\n<meta property=\"article:modified_time\" content=\"2023-08-09T07:22:19+00:00\" \/>\n<meta property=\"og:image\" content=\"https:\/\/wp-dev.lochting.com\/app\/uploads\/2022\/10\/Marketing-workshops-apothekers.jpg\" \/>\n<meta name=\"twitter:card\" content=\"summary_large_image\" \/>\n<meta name=\"twitter:label1\" content=\"Est. reading time\" \/>\n\t<meta name=\"twitter:data1\" content=\"1 minute\" \/>\n<script type=\"application\/ld+json\" class=\"yoast-schema-graph\">{\"@context\":\"https:\/\/schema.org\",\"@graph\":[{\"@type\":\"WebPage\",\"@id\":\"https:\/\/wp-dev.lochting.com\/fr-be\/workshops\/\",\"url\":\"https:\/\/wp-dev.lochting.com\/fr-be\/workshops\/\",\"name\":\"Workshops - Lochting\",\"isPartOf\":{\"@id\":\"https:\/\/www.lochting.com\/en\/#website\"},\"primaryImageOfPage\":{\"@id\":\"https:\/\/wp-dev.lochting.com\/fr-be\/workshops\/#primaryimage\"},\"image\":{\"@id\":\"https:\/\/wp-dev.lochting.com\/fr-be\/workshops\/#primaryimage\"},\"thumbnailUrl\":\"https:\/\/wp-dev.lochting.com\/app\/uploads\/2022\/10\/Marketing-workshops-apothekers.jpg\",\"datePublished\":\"2022-12-06T16:25:59+00:00\",\"dateModified\":\"2023-08-09T07:22:19+00:00\",\"description\":\"Apprenez tout sur le marketing et sur la mani\u00e8re d'am\u00e9liorer la boutique en ligne d'une pharmacie gr\u00e2ce \u00e0 l'atelier marketing gratuit.\",\"breadcrumb\":{\"@id\":\"https:\/\/wp-dev.lochting.com\/fr-be\/workshops\/#breadcrumb\"},\"inLanguage\":\"fr-BE\",\"potentialAction\":[{\"@type\":\"ReadAction\",\"target\":[\"https:\/\/wp-dev.lochting.com\/fr-be\/workshops\/\"]}]},{\"@type\":\"ImageObject\",\"inLanguage\":\"fr-BE\",\"@id\":\"https:\/\/wp-dev.lochting.com\/fr-be\/workshops\/#primaryimage\",\"url\":\"https:\/\/wp-dev.lochting.com\/app\/uploads\/2022\/10\/Marketing-workshops-apothekers.jpg\",\"contentUrl\":\"https:\/\/wp-dev.lochting.com\/app\/uploads\/2022\/10\/Marketing-workshops-apothekers.jpg\"},{\"@type\":\"BreadcrumbList\",\"@id\":\"https:\/\/wp-dev.lochting.com\/fr-be\/workshops\/#breadcrumb\",\"itemListElement\":[{\"@type\":\"ListItem\",\"position\":1,\"name\":\"Home\",\"item\":\"https:\/\/www.lochting.com\/fr-be\/\"},{\"@type\":\"ListItem\",\"position\":2,\"name\":\"Workshops\"}]},{\"@type\":\"WebSite\",\"@id\":\"https:\/\/www.lochting.com\/en\/#website\",\"url\":\"https:\/\/www.lochting.com\/en\/\",\"name\":\"Lochting\",\"description\":\"All your pharmacy sales channels on one platform\",\"potentialAction\":[{\"@type\":\"SearchAction\",\"target\":{\"@type\":\"EntryPoint\",\"urlTemplate\":\"https:\/\/www.lochting.com\/en\/?s={search_term_string}\"},\"query-input\":\"required name=search_term_string\"}],\"inLanguage\":\"fr-BE\"}]}<\/script>\n<!-- \/ Yoast SEO plugin. -->","yoast_head_json":{"title":"Workshops - Lochting","description":"Apprenez tout sur le marketing et sur la mani\u00e8re d'am\u00e9liorer la boutique en ligne d'une pharmacie gr\u00e2ce \u00e0 l'atelier marketing gratuit.","robots":{"index":"noindex","follow":"follow","max-snippet":"max-snippet:-1","max-image-preview":"max-image-preview:large","max-video-preview":"max-video-preview:-1"},"og_locale":"fr_FR","og_type":"article","og_title":"Workshops - Lochting","og_description":"Apprenez tout sur le marketing et sur la mani\u00e8re d'am\u00e9liorer la boutique en ligne d'une pharmacie gr\u00e2ce \u00e0 l'atelier marketing gratuit.","og_url":"https:\/\/wp-dev.lochting.com\/fr-be\/workshops\/","og_site_name":"Lochting","article_modified_time":"2023-08-09T07:22:19+00:00","og_image":[{"url":"https:\/\/wp-dev.lochting.com\/app\/uploads\/2022\/10\/Marketing-workshops-apothekers.jpg"}],"twitter_card":"summary_large_image","twitter_misc":{"Est. reading time":"1 minute"},"schema":{"@context":"https:\/\/schema.org","@graph":[{"@type":"WebPage","@id":"https:\/\/wp-dev.lochting.com\/fr-be\/workshops\/","url":"https:\/\/wp-dev.lochting.com\/fr-be\/workshops\/","name":"Workshops - Lochting","isPartOf":{"@id":"https:\/\/www.lochting.com\/en\/#website"},"primaryImageOfPage":{"@id":"https:\/\/wp-dev.lochting.com\/fr-be\/workshops\/#primaryimage"},"image":{"@id":"https:\/\/wp-dev.lochting.com\/fr-be\/workshops\/#primaryimage"},"thumbnailUrl":"https:\/\/wp-dev.lochting.com\/app\/uploads\/2022\/10\/Marketing-workshops-apothekers.jpg","datePublished":"2022-12-06T16:25:59+00:00","dateModified":"2023-08-09T07:22:19+00:00","description":"Apprenez tout sur le marketing et sur la mani\u00e8re d'am\u00e9liorer la boutique en ligne d'une pharmacie gr\u00e2ce \u00e0 l'atelier marketing gratuit.","breadcrumb":{"@id":"https:\/\/wp-dev.lochting.com\/fr-be\/workshops\/#breadcrumb"},"inLanguage":"fr-BE","potentialAction":[{"@type":"ReadAction","target":["https:\/\/wp-dev.lochting.com\/fr-be\/workshops\/"]}]},{"@type":"ImageObject","inLanguage":"fr-BE","@id":"https:\/\/wp-dev.lochting.com\/fr-be\/workshops\/#primaryimage","url":"https:\/\/wp-dev.lochting.com\/app\/uploads\/2022\/10\/Marketing-workshops-apothekers.jpg","contentUrl":"https:\/\/wp-dev.lochting.com\/app\/uploads\/2022\/10\/Marketing-workshops-apothekers.jpg"},{"@type":"BreadcrumbList","@id":"https:\/\/wp-dev.lochting.com\/fr-be\/workshops\/#breadcrumb","itemListElement":[{"@type":"ListItem","position":1,"name":"Home","item":"https:\/\/www.lochting.com\/fr-be\/"},{"@type":"ListItem","position":2,"name":"Workshops"}]},{"@type":"WebSite","@id":"https:\/\/www.lochting.com\/en\/#website","url":"https:\/\/www.lochting.com\/en\/","name":"Lochting","description":"All your pharmacy sales channels on one platform","potentialAction":[{"@type":"SearchAction","target":{"@type":"EntryPoint","urlTemplate":"https:\/\/www.lochting.com\/en\/?s={search_term_string}"},"query-input":"required name=search_term_string"}],"inLanguage":"fr-BE"}]}},"_links":{"self":[{"href":"https:\/\/wp-dev.lochting.com\/fr-be\/wp-json\/wp\/v2\/pages\/14024","targetHints":{"allow":["GET"]}}],"collection":[{"href":"https:\/\/wp-dev.lochting.com\/fr-be\/wp-json\/wp\/v2\/pages"}],"about":[{"href":"https:\/\/wp-dev.lochting.com\/fr-be\/wp-json\/wp\/v2\/types\/page"}],"author":[{"embeddable":true,"href":"https:\/\/wp-dev.lochting.com\/fr-be\/wp-json\/wp\/v2\/users\/1"}],"replies":[{"embeddable":true,"href":"https:\/\/wp-dev.lochting.com\/fr-be\/wp-json\/wp\/v2\/comments?post=14024"}],"version-history":[{"count":8,"href":"https:\/\/wp-dev.lochting.com\/fr-be\/wp-json\/wp\/v2\/pages\/14024\/revisions"}],"predecessor-version":[{"id":16216,"href":"https:\/\/wp-dev.lochting.com\/fr-be\/wp-json\/wp\/v2\/pages\/14024\/revisions\/16216"}],"wp:attachment":[{"href":"https:\/\/wp-dev.lochting.com\/fr-be\/wp-json\/wp\/v2\/media?parent=14024"}],"curies":[{"name":"wp","href":"https:\/\/api.w.org\/{rel}","templated":true}]}}